{"id":925,"date":"2022-02-17T11:57:10","date_gmt":"2022-02-17T10:57:10","guid":{"rendered":"https:\/\/blog.bechallenge.io\/?page_id=925"},"modified":"2022-02-17T11:57:11","modified_gmt":"2022-02-17T10:57:11","slug":"privacidad-de-datos-suscripcion-al-blog","status":"publish","type":"page","link":"https:\/\/blog.bechallenge.io\/en\/privacidad-de-datos-suscripcion-al-blog\/","title":{"rendered":"Privacidad de Datos Suscripci\u00f3n al Blog"},"content":{"rendered":"<p><small>En Bechallenge (titularidad de BeDebate, S.L.U.) trataremos los datos que nos facilites con la finalidad de enviarte informaci\u00f3n relacionada con tu solicitud sobre nuestros servicios. Podr\u00e1s ejercer los derechos de acceso, rectificaci\u00f3n, limitaci\u00f3n, oposici\u00f3n, portabilidad, o retirar el consentimiento enviando un email a hello@bechallenge.io. Tambi\u00e9n puedes solicitar la tutela de derechos ante la Autoridad de Control (AEPD). Puedes consultar informaci\u00f3n adicional y detallada sobre protecci\u00f3n de datos en nuestra Pol\u00edtica de Privacidad.<\/small><\/p>\n\n\n\n<p><small>Los datos que nos has facilitado ir\u00e1n a una base de datos gestionada por la plataforma Sendinblue, desde la cu\u00e1l se enviar\u00e1n de forma peri\u00f3dica y automatizada emails con informaci\u00f3n correspondiente al Blog de BeChallenge, as\u00ed como informaci\u00f3n de la empresa en general, su actividad y aquellas novedades y actualizaciones de la plataforma.<\/small><\/p>","protected":false},"excerpt":{"rendered":"<p>En Bechallenge (titularidad de BeDebate, S.L.U.) trataremos los datos que nos facilites con la finalidad de enviarte informaci\u00f3n relacionada con tu solicitud sobre nuestros servicios. Podr\u00e1s ejercer los derechos de acceso, rectificaci\u00f3n, limitaci\u00f3n, oposici\u00f3n, portabilidad, o retirar el consentimiento enviando un email a hello@bechallenge.io. Tambi\u00e9n puedes solicitar la tutela de derechos ante la Autoridad de Control (AEPD). Puedes consultar informaci\u00f3n adicional y detallada sobre protecci\u00f3n de datos en nuestra Pol\u00edtica de Privacidad. Los datos que nos has facilitado ir\u00e1n a una base de datos gestionada por la plataforma Sendinblue, desde la cu\u00e1l se enviar\u00e1n de forma peri\u00f3dica y automatizada emails &hellip; <a href=\"https:\/\/blog.bechallenge.io\/en\/privacidad-de-datos-suscripcion-al-blog\/\" class=\"more-link\">Continue reading <span class=\"screen-reader-text\">Privacidad de Datos Suscripci\u00f3n al Blog<\/span><\/a><\/p>","protected":false},"author":1,"featured_media":0,"parent":0,"menu_order":0,"comment_status":"closed","ping_status":"closed","template":"","meta":{"jetpack_post_was_ever_published":false,"footnotes":""},"class_list":["post-925","page","type-page","status-publish","hentry"],"aioseo_notices":[],"jetpack_sharing_enabled":true,"_links":{"self":[{"href":"https:\/\/blog.bechallenge.io\/en\/wp-json\/wp\/v2\/pages\/925","targetHints":{"allow":["GET"]}}],"collection":[{"href":"https:\/\/blog.bechallenge.io\/en\/wp-json\/wp\/v2\/pages"}],"about":[{"href":"https:\/\/blog.bechallenge.io\/en\/wp-json\/wp\/v2\/types\/page"}],"author":[{"embeddable":true,"href":"https:\/\/blog.bechallenge.io\/en\/wp-json\/wp\/v2\/users\/1"}],"replies":[{"embeddable":true,"href":"https:\/\/blog.bechallenge.io\/en\/wp-json\/wp\/v2\/comments?post=925"}],"version-history":[{"count":1,"href":"https:\/\/blog.bechallenge.io\/en\/wp-json\/wp\/v2\/pages\/925\/revisions"}],"predecessor-version":[{"id":927,"href":"https:\/\/blog.bechallenge.io\/en\/wp-json\/wp\/v2\/pages\/925\/revisions\/927"}],"wp:attachment":[{"href":"https:\/\/blog.bechallenge.io\/en\/wp-json\/wp\/v2\/media?parent=925"}],"curies":[{"name":"wp","href":"https:\/\/api.w.org\/{rel}","templated":true}]}}